{"id":2267,"date":"2025-04-03T04:07:32","date_gmt":"2025-04-03T04:07:32","guid":{"rendered":"https:\/\/mattressmachineryzl.com\/?page_id=2267"},"modified":"2025-07-27T06:24:19","modified_gmt":"2025-07-27T06:24:19","slug":"zl-te-5b-automatic-tape-edge-machine","status":"publish","type":"page","link":"https:\/\/mattressmachineryzl.com\/es\/zl-te-5b-automatic-tape-edge-machine\/","title":{"rendered":"ZL-TE-5B\u200b Automatic Tape Edge Machine\u200b"},"content":{"rendered":"<div data-elementor-type=\"wp-page\" data-elementor-id=\"2267\" class=\"elementor elementor-2267\" data-elementor-post-type=\"page\">\n\t\t\t\t<div class=\"elementor-element elementor-element-6d67a205 e-flex e-con-boxed e-con e-parent\" data-id=\"6d67a205\" data-element_type=\"container\" data-e-type=\"container\">\n\t\t\t\t\t<div class=\"e-con-inner\">\n\t\t\t\t<div class=\"elementor-element elementor-element-3371ab7a elementor-widget elementor-widget-heading\" data-id=\"3371ab7a\" data-element_type=\"widget\" data-e-type=\"widget\" data-widget_type=\"heading.default\">\n\t\t\t\t<div class=\"elementor-widget-container\">\n\t\t\t\t\t<h2 class=\"elementor-heading-title elementor-size-default\">ZL-TE-5B<\/h2>\t\t\t\t<\/div>\n\t\t\t\t<\/div>\n\t\t\t\t<div class=\"elementor-element elementor-element-15bae163 elementor-widget elementor-widget-heading\" data-id=\"15bae163\" data-element_type=\"widget\" data-e-type=\"widget\" data-widget_type=\"heading.default\">\n\t\t\t\t<div class=\"elementor-widget-container\">\n\t\t\t\t\t<h3 class=\"elementor-heading-title elementor-size-default\">M\u00e1quina autom\u00e1tica de cinta de borde<\/h3>\t\t\t\t<\/div>\n\t\t\t\t<\/div>\n\t\t\t\t<div class=\"elementor-element elementor-element-3222ffcd elementor-widget elementor-widget-image\" data-id=\"3222ffcd\" data-element_type=\"widget\" data-e-type=\"widget\" data-widget_type=\"image.default\">\n\t\t\t\t<div class=\"elementor-widget-container\">\n\t\t\t\t\t\t\t\t\t\t\t\t\t\t\t<img alt=\"\" fetchpriority=\"high\" decoding=\"async\" width=\"715\" height=\"466\" src=\"https:\/\/mattressmachineryzl.com\/wp-content\/uploads\/2025\/04\/mattress-sewing-machinery.png\" class=\"attachment-large size-large wp-image-2262\" srcset=\"https:\/\/mattressmachineryzl.com\/wp-content\/uploads\/2025\/04\/mattress-sewing-machinery.png 715w, https:\/\/mattressmachineryzl.com\/wp-content\/uploads\/2025\/04\/mattress-sewing-machinery-300x196.png 300w\" sizes=\"(max-width: 715px) 100vw, 715px\" \/>\t\t\t\t\t\t\t\t\t\t\t\t\t\t\t<\/div>\n\t\t\t\t<\/div>\n\t\t\t\t<div class=\"elementor-element elementor-element-4c908c1c elementor-widget elementor-widget-text-editor\" data-id=\"4c908c1c\" data-element_type=\"widget\" data-e-type=\"widget\" data-widget_type=\"text-editor.default\">\n\t\t\t\t<div class=\"elementor-widget-container\">\n\t\t\t\t\t\t\t\t\tPrincipalmente utilizado para el encuadernado de bordes de colchones.\t\t\t\t\t\t\t\t<\/div>\n\t\t\t\t<\/div>\n\t\t\t\t<div class=\"elementor-element elementor-element-4a652cc elementor-widget elementor-widget-heading\" data-id=\"4a652cc\" data-element_type=\"widget\" data-e-type=\"widget\" data-widget_type=\"heading.default\">\n\t\t\t\t<div class=\"elementor-widget-container\">\n\t\t\t\t\t<h4 class=\"elementor-heading-title elementor-size-default\">ZL-TE-5B \/ ZL-TE-4B \/ ZL-TE-3A<\/h4>\t\t\t\t<\/div>\n\t\t\t\t<\/div>\n\t\t\t\t\t<\/div>\n\t\t\t\t<\/div>\n\t\t<div class=\"elementor-element elementor-element-485e9abe e-flex e-con-boxed e-con e-parent\" data-id=\"485e9abe\" data-element_type=\"container\" data-e-type=\"container\">\n\t\t\t\t\t<div class=\"e-con-inner\">\n\t\t\t\t<div class=\"elementor-element elementor-element-30f7db52 elementor-widget elementor-widget-image\" data-id=\"30f7db52\" data-element_type=\"widget\" data-e-type=\"widget\" data-widget_type=\"image.default\">\n\t\t\t\t<div class=\"elementor-widget-container\">\n\t\t\t\t\t\t\t\t\t\t\t\t\t\t\t<img alt=\"\" decoding=\"async\" width=\"882\" height=\"331\" src=\"https:\/\/mattressmachineryzl.com\/wp-content\/uploads\/2025\/04\/SELECTABLE-SEWING-HEAD.png\" class=\"attachment-large size-large wp-image-2269\" srcset=\"https:\/\/mattressmachineryzl.com\/wp-content\/uploads\/2025\/04\/SELECTABLE-SEWING-HEAD.png 882w, https:\/\/mattressmachineryzl.com\/wp-content\/uploads\/2025\/04\/SELECTABLE-SEWING-HEAD-300x113.png 300w, https:\/\/mattressmachineryzl.com\/wp-content\/uploads\/2025\/04\/SELECTABLE-SEWING-HEAD-768x288.png 768w\" sizes=\"(max-width: 882px) 100vw, 882px\" \/>\t\t\t\t\t\t\t\t\t\t\t\t\t\t\t<\/div>\n\t\t\t\t<\/div>\n\t\t\t\t<div class=\"elementor-element elementor-element-ea12ca4 elementor-widget elementor-widget-text-editor\" data-id=\"ea12ca4\" data-element_type=\"widget\" data-e-type=\"widget\" data-widget_type=\"text-editor.default\">\n\t\t\t\t<div class=\"elementor-widget-container\">\n\t\t\t\t\t\t\t\t\tEst\u00e1ndar: Cabezal de costura SINGER 300U\t\t\t\t\t\t\t\t<\/div>\n\t\t\t\t<\/div>\n\t\t\t\t<div class=\"elementor-element elementor-element-f358532 elementor-widget elementor-widget-image\" data-id=\"f358532\" data-element_type=\"widget\" data-e-type=\"widget\" data-widget_type=\"image.default\">\n\t\t\t\t<div class=\"elementor-widget-container\">\n\t\t\t\t\t\t\t\t\t\t\t\t\t\t\t<img alt=\"\" decoding=\"async\" width=\"1024\" height=\"768\" src=\"https:\/\/mattressmachineryzl.com\/wp-content\/uploads\/2025\/02\/d1d845b521a251f7cc0df968dccdeb0-1024x768.jpg\" class=\"attachment-large size-large wp-image-349\" srcset=\"https:\/\/mattressmachineryzl.com\/wp-content\/uploads\/2025\/02\/d1d845b521a251f7cc0df968dccdeb0-1024x768.jpg 1024w, https:\/\/mattressmachineryzl.com\/wp-content\/uploads\/2025\/02\/d1d845b521a251f7cc0df968dccdeb0-300x225.jpg 300w, https:\/\/mattressmachineryzl.com\/wp-content\/uploads\/2025\/02\/d1d845b521a251f7cc0df968dccdeb0-768x576.jpg 768w, https:\/\/mattressmachineryzl.com\/wp-content\/uploads\/2025\/02\/d1d845b521a251f7cc0df968dccdeb0-1536x1152.jpg 1536w, https:\/\/mattressmachineryzl.com\/wp-content\/uploads\/2025\/02\/d1d845b521a251f7cc0df968dccdeb0-2048x1536.jpg 2048w\" sizes=\"(max-width: 1024px) 100vw, 1024px\" \/>\t\t\t\t\t\t\t\t\t\t\t\t\t\t\t<\/div>\n\t\t\t\t<\/div>\n\t\t\t\t<div class=\"elementor-element elementor-element-32b2969c elementor-widget elementor-widget-image\" data-id=\"32b2969c\" data-element_type=\"widget\" data-e-type=\"widget\" data-widget_type=\"image.default\">\n\t\t\t\t<div class=\"elementor-widget-container\">\n\t\t\t\t\t\t\t\t\t\t\t\t\t\t\t<img alt=\"\" loading=\"lazy\" decoding=\"async\" width=\"1024\" height=\"294\" src=\"https:\/\/mattressmachineryzl.com\/wp-content\/uploads\/2025\/03\/\u5fae\u4fe1\u56fe\u7247_20250324171447-1-1024x294.png\" class=\"attachment-large size-large wp-image-1805\" srcset=\"https:\/\/mattressmachineryzl.com\/wp-content\/uploads\/2025\/03\/\u5fae\u4fe1\u56fe\u7247_20250324171447-1-1024x294.png 1024w, https:\/\/mattressmachineryzl.com\/wp-content\/uploads\/2025\/03\/\u5fae\u4fe1\u56fe\u7247_20250324171447-1-300x86.png 300w, https:\/\/mattressmachineryzl.com\/wp-content\/uploads\/2025\/03\/\u5fae\u4fe1\u56fe\u7247_20250324171447-1-768x220.png 768w, https:\/\/mattressmachineryzl.com\/wp-content\/uploads\/2025\/03\/\u5fae\u4fe1\u56fe\u7247_20250324171447-1.png 1412w\" sizes=\"(max-width: 1024px) 100vw, 1024px\" \/>\t\t\t\t\t\t\t\t\t\t\t\t\t\t\t<\/div>\n\t\t\t\t<\/div>\n\t\t\t\t<div class=\"elementor-element elementor-element-15866de elementor-widget elementor-widget-heading\" data-id=\"15866de\" data-element_type=\"widget\" data-e-type=\"widget\" data-widget_type=\"heading.default\">\n\t\t\t\t<div class=\"elementor-widget-container\">\n\t\t\t\t\t<h3 class=\"elementor-heading-title elementor-size-default\">Detalle<\/h3>\t\t\t\t<\/div>\n\t\t\t\t<\/div>\n\t\t\t\t\t<\/div>\n\t\t\t\t<\/div>\n\t\t<div class=\"elementor-element elementor-element-5f6a4249 e-grid e-con-boxed e-con e-parent\" data-id=\"5f6a4249\" data-element_type=\"container\" data-e-type=\"container\">\n\t\t\t\t\t<div class=\"e-con-inner\">\n\t\t\t\t<div class=\"elementor-element elementor-element-3046e0ed elementor-widget elementor-widget-image\" data-id=\"3046e0ed\" data-element_type=\"widget\" data-e-type=\"widget\" data-widget_type=\"image.default\">\n\t\t\t\t<div class=\"elementor-widget-container\">\n\t\t\t\t\t\t\t\t\t\t\t\t\t\t\t<img alt=\"\" loading=\"lazy\" decoding=\"async\" width=\"1024\" height=\"1024\" src=\"https:\/\/mattressmachineryzl.com\/wp-content\/uploads\/2025\/03\/ZL-TE-5B\u5168\u81ea\u52a8\u56f4\u8fb9\u673aAutomatic-edge-machine-detail-6-1024x1024.jpg\" class=\"attachment-large size-large wp-image-1046\" srcset=\"https:\/\/mattressmachineryzl.com\/wp-content\/uploads\/2025\/03\/ZL-TE-5B\u5168\u81ea\u52a8\u56f4\u8fb9\u673aAutomatic-edge-machine-detail-6-1024x1024.jpg 1024w, https:\/\/mattressmachineryzl.com\/wp-content\/uploads\/2025\/03\/ZL-TE-5B\u5168\u81ea\u52a8\u56f4\u8fb9\u673aAutomatic-edge-machine-detail-6-300x300.jpg 300w, https:\/\/mattressmachineryzl.com\/wp-content\/uploads\/2025\/03\/ZL-TE-5B\u5168\u81ea\u52a8\u56f4\u8fb9\u673aAutomatic-edge-machine-detail-6-150x150.jpg 150w, https:\/\/mattressmachineryzl.com\/wp-content\/uploads\/2025\/03\/ZL-TE-5B\u5168\u81ea\u52a8\u56f4\u8fb9\u673aAutomatic-edge-machine-detail-6-768x768.jpg 768w, https:\/\/mattressmachineryzl.com\/wp-content\/uploads\/2025\/03\/ZL-TE-5B\u5168\u81ea\u52a8\u56f4\u8fb9\u673aAutomatic-edge-machine-detail-6-1536x1536.jpg 1536w, https:\/\/mattressmachineryzl.com\/wp-content\/uploads\/2025\/03\/ZL-TE-5B\u5168\u81ea\u52a8\u56f4\u8fb9\u673aAutomatic-edge-machine-detail-6-2048x2048.jpg 2048w\" sizes=\"(max-width: 1024px) 100vw, 1024px\" \/>\t\t\t\t\t\t\t\t\t\t\t\t\t\t\t<\/div>\n\t\t\t\t<\/div>\n\t\t\t\t<div class=\"elementor-element elementor-element-301e31be elementor-widget elementor-widget-image\" data-id=\"301e31be\" data-element_type=\"widget\" data-e-type=\"widget\" data-widget_type=\"image.default\">\n\t\t\t\t<div class=\"elementor-widget-container\">\n\t\t\t\t\t\t\t\t\t\t\t\t\t\t\t<img alt=\"\" loading=\"lazy\" decoding=\"async\" width=\"1024\" height=\"1024\" src=\"https:\/\/mattressmachineryzl.com\/wp-content\/uploads\/2025\/03\/ZL-TE-5B\u5168\u81ea\u52a8\u56f4\u8fb9\u673aAutomatic-edge-machine-detail-7-1024x1024.jpg\" class=\"attachment-large size-large wp-image-1047\" srcset=\"https:\/\/mattressmachineryzl.com\/wp-content\/uploads\/2025\/03\/ZL-TE-5B\u5168\u81ea\u52a8\u56f4\u8fb9\u673aAutomatic-edge-machine-detail-7-1024x1024.jpg 1024w, https:\/\/mattressmachineryzl.com\/wp-content\/uploads\/2025\/03\/ZL-TE-5B\u5168\u81ea\u52a8\u56f4\u8fb9\u673aAutomatic-edge-machine-detail-7-300x300.jpg 300w, https:\/\/mattressmachineryzl.com\/wp-content\/uploads\/2025\/03\/ZL-TE-5B\u5168\u81ea\u52a8\u56f4\u8fb9\u673aAutomatic-edge-machine-detail-7-150x150.jpg 150w, https:\/\/mattressmachineryzl.com\/wp-content\/uploads\/2025\/03\/ZL-TE-5B\u5168\u81ea\u52a8\u56f4\u8fb9\u673aAutomatic-edge-machine-detail-7-768x768.jpg 768w, https:\/\/mattressmachineryzl.com\/wp-content\/uploads\/2025\/03\/ZL-TE-5B\u5168\u81ea\u52a8\u56f4\u8fb9\u673aAutomatic-edge-machine-detail-7-1536x1536.jpg 1536w, https:\/\/mattressmachineryzl.com\/wp-content\/uploads\/2025\/03\/ZL-TE-5B\u5168\u81ea\u52a8\u56f4\u8fb9\u673aAutomatic-edge-machine-detail-7-2048x2048.jpg 2048w\" sizes=\"(max-width: 1024px) 100vw, 1024px\" \/>\t\t\t\t\t\t\t\t\t\t\t\t\t\t\t<\/div>\n\t\t\t\t<\/div>\n\t\t\t\t<div class=\"elementor-element elementor-element-747e0b4 elementor-widget elementor-widget-image\" data-id=\"747e0b4\" data-element_type=\"widget\" data-e-type=\"widget\" data-widget_type=\"image.default\">\n\t\t\t\t<div class=\"elementor-widget-container\">\n\t\t\t\t\t\t\t\t\t\t\t\t\t\t\t<img alt=\"\" loading=\"lazy\" decoding=\"async\" width=\"1024\" height=\"1024\" src=\"https:\/\/mattressmachineryzl.com\/wp-content\/uploads\/2025\/03\/ZL-TE-5B\u5168\u81ea\u52a8\u56f4\u8fb9\u673aAutomatic-edge-machine-detail-1024x1024.jpg\" class=\"attachment-large size-large wp-image-1049\" srcset=\"https:\/\/mattressmachineryzl.com\/wp-content\/uploads\/2025\/03\/ZL-TE-5B\u5168\u81ea\u52a8\u56f4\u8fb9\u673aAutomatic-edge-machine-detail-1024x1024.jpg 1024w, https:\/\/mattressmachineryzl.com\/wp-content\/uploads\/2025\/03\/ZL-TE-5B\u5168\u81ea\u52a8\u56f4\u8fb9\u673aAutomatic-edge-machine-detail-300x300.jpg 300w, https:\/\/mattressmachineryzl.com\/wp-content\/uploads\/2025\/03\/ZL-TE-5B\u5168\u81ea\u52a8\u56f4\u8fb9\u673aAutomatic-edge-machine-detail-150x150.jpg 150w, https:\/\/mattressmachineryzl.com\/wp-content\/uploads\/2025\/03\/ZL-TE-5B\u5168\u81ea\u52a8\u56f4\u8fb9\u673aAutomatic-edge-machine-detail-768x768.jpg 768w, https:\/\/mattressmachineryzl.com\/wp-content\/uploads\/2025\/03\/ZL-TE-5B\u5168\u81ea\u52a8\u56f4\u8fb9\u673aAutomatic-edge-machine-detail-1536x1536.jpg 1536w, https:\/\/mattressmachineryzl.com\/wp-content\/uploads\/2025\/03\/ZL-TE-5B\u5168\u81ea\u52a8\u56f4\u8fb9\u673aAutomatic-edge-machine-detail-2048x2048.jpg 2048w\" sizes=\"(max-width: 1024px) 100vw, 1024px\" \/>\t\t\t\t\t\t\t\t\t\t\t\t\t\t\t<\/div>\n\t\t\t\t<\/div>\n\t\t\t\t<div class=\"elementor-element elementor-element-e4a8db0 elementor-widget elementor-widget-image\" data-id=\"e4a8db0\" data-element_type=\"widget\" data-e-type=\"widget\" data-widget_type=\"image.default\">\n\t\t\t\t<div class=\"elementor-widget-container\">\n\t\t\t\t\t\t\t\t\t\t\t\t\t\t\t<img alt=\"\" loading=\"lazy\" decoding=\"async\" width=\"1024\" height=\"1024\" src=\"https:\/\/mattressmachineryzl.com\/wp-content\/uploads\/2025\/03\/ZL-TE-5B\u5168\u81ea\u52a8\u56f4\u8fb9\u673aAutomatic-edge-machine-detail-4-1024x1024.jpg\" class=\"attachment-large size-large wp-image-1044\" srcset=\"https:\/\/mattressmachineryzl.com\/wp-content\/uploads\/2025\/03\/ZL-TE-5B\u5168\u81ea\u52a8\u56f4\u8fb9\u673aAutomatic-edge-machine-detail-4-1024x1024.jpg 1024w, https:\/\/mattressmachineryzl.com\/wp-content\/uploads\/2025\/03\/ZL-TE-5B\u5168\u81ea\u52a8\u56f4\u8fb9\u673aAutomatic-edge-machine-detail-4-300x300.jpg 300w, https:\/\/mattressmachineryzl.com\/wp-content\/uploads\/2025\/03\/ZL-TE-5B\u5168\u81ea\u52a8\u56f4\u8fb9\u673aAutomatic-edge-machine-detail-4-150x150.jpg 150w, https:\/\/mattressmachineryzl.com\/wp-content\/uploads\/2025\/03\/ZL-TE-5B\u5168\u81ea\u52a8\u56f4\u8fb9\u673aAutomatic-edge-machine-detail-4-768x768.jpg 768w, https:\/\/mattressmachineryzl.com\/wp-content\/uploads\/2025\/03\/ZL-TE-5B\u5168\u81ea\u52a8\u56f4\u8fb9\u673aAutomatic-edge-machine-detail-4-1536x1536.jpg 1536w, https:\/\/mattressmachineryzl.com\/wp-content\/uploads\/2025\/03\/ZL-TE-5B\u5168\u81ea\u52a8\u56f4\u8fb9\u673aAutomatic-edge-machine-detail-4-2048x2048.jpg 2048w\" sizes=\"(max-width: 1024px) 100vw, 1024px\" \/>\t\t\t\t\t\t\t\t\t\t\t\t\t\t\t<\/div>\n\t\t\t\t<\/div>\n\t\t\t\t<div class=\"elementor-element elementor-element-10cfd3a8 elementor-widget elementor-widget-image\" data-id=\"10cfd3a8\" data-element_type=\"widget\" data-e-type=\"widget\" data-widget_type=\"image.default\">\n\t\t\t\t<div class=\"elementor-widget-container\">\n\t\t\t\t\t\t\t\t\t\t\t\t\t\t\t<img alt=\"\" loading=\"lazy\" decoding=\"async\" width=\"1024\" height=\"1024\" src=\"https:\/\/mattressmachineryzl.com\/wp-content\/uploads\/2025\/03\/ZL-TE-5B\u5168\u81ea\u52a8\u56f4\u8fb9\u673aAutomatic-edge-machine-detail-3-1024x1024.jpg\" class=\"attachment-large size-large wp-image-1043\" srcset=\"https:\/\/mattressmachineryzl.com\/wp-content\/uploads\/2025\/03\/ZL-TE-5B\u5168\u81ea\u52a8\u56f4\u8fb9\u673aAutomatic-edge-machine-detail-3-1024x1024.jpg 1024w, https:\/\/mattressmachineryzl.com\/wp-content\/uploads\/2025\/03\/ZL-TE-5B\u5168\u81ea\u52a8\u56f4\u8fb9\u673aAutomatic-edge-machine-detail-3-300x300.jpg 300w, https:\/\/mattressmachineryzl.com\/wp-content\/uploads\/2025\/03\/ZL-TE-5B\u5168\u81ea\u52a8\u56f4\u8fb9\u673aAutomatic-edge-machine-detail-3-150x150.jpg 150w, https:\/\/mattressmachineryzl.com\/wp-content\/uploads\/2025\/03\/ZL-TE-5B\u5168\u81ea\u52a8\u56f4\u8fb9\u673aAutomatic-edge-machine-detail-3-768x768.jpg 768w, https:\/\/mattressmachineryzl.com\/wp-content\/uploads\/2025\/03\/ZL-TE-5B\u5168\u81ea\u52a8\u56f4\u8fb9\u673aAutomatic-edge-machine-detail-3-1536x1536.jpg 1536w, https:\/\/mattressmachineryzl.com\/wp-content\/uploads\/2025\/03\/ZL-TE-5B\u5168\u81ea\u52a8\u56f4\u8fb9\u673aAutomatic-edge-machine-detail-3-2048x2048.jpg 2048w\" sizes=\"(max-width: 1024px) 100vw, 1024px\" \/>\t\t\t\t\t\t\t\t\t\t\t\t\t\t\t<\/div>\n\t\t\t\t<\/div>\n\t\t\t\t<div class=\"elementor-element elementor-element-5e973ad elementor-widget elementor-widget-image\" data-id=\"5e973ad\" data-element_type=\"widget\" data-e-type=\"widget\" data-widget_type=\"image.default\">\n\t\t\t\t<div class=\"elementor-widget-container\">\n\t\t\t\t\t\t\t\t\t\t\t\t\t\t\t<img alt=\"\" loading=\"lazy\" decoding=\"async\" width=\"1024\" height=\"621\" src=\"https:\/\/mattressmachineryzl.com\/wp-content\/uploads\/2025\/03\/ZL-TE-5B\u5168\u81ea\u52a8\u56f4\u8fb9\u673aAutomatic-edge-machine-detail-8-scaled-e1752721503282-1024x621.jpg\" class=\"attachment-large size-large wp-image-1048\" srcset=\"https:\/\/mattressmachineryzl.com\/wp-content\/uploads\/2025\/03\/ZL-TE-5B\u5168\u81ea\u52a8\u56f4\u8fb9\u673aAutomatic-edge-machine-detail-8-scaled-e1752721503282-1024x621.jpg 1024w, https:\/\/mattressmachineryzl.com\/wp-content\/uploads\/2025\/03\/ZL-TE-5B\u5168\u81ea\u52a8\u56f4\u8fb9\u673aAutomatic-edge-machine-detail-8-scaled-e1752721503282-300x182.jpg 300w, https:\/\/mattressmachineryzl.com\/wp-content\/uploads\/2025\/03\/ZL-TE-5B\u5168\u81ea\u52a8\u56f4\u8fb9\u673aAutomatic-edge-machine-detail-8-scaled-e1752721503282-768x466.jpg 768w, https:\/\/mattressmachineryzl.com\/wp-content\/uploads\/2025\/03\/ZL-TE-5B\u5168\u81ea\u52a8\u56f4\u8fb9\u673aAutomatic-edge-machine-detail-8-scaled-e1752721503282-1536x932.jpg 1536w, https:\/\/mattressmachineryzl.com\/wp-content\/uploads\/2025\/03\/ZL-TE-5B\u5168\u81ea\u52a8\u56f4\u8fb9\u673aAutomatic-edge-machine-detail-8-scaled-e1752721503282-2048x1242.jpg 2048w\" sizes=\"(max-width: 1024px) 100vw, 1024px\" \/>\t\t\t\t\t\t\t\t\t\t\t\t\t\t\t<\/div>\n\t\t\t\t<\/div>\n\t\t\t\t\t<\/div>\n\t\t\t\t<\/div>\n\t\t<div class=\"elementor-element elementor-element-1cb5164f e-flex e-con-boxed e-con e-parent\" data-id=\"1cb5164f\" data-element_type=\"container\" data-e-type=\"container\">\n\t\t\t\t\t<div class=\"e-con-inner\">\n\t\t\t\t<div class=\"elementor-element elementor-element-4957f5ab elementor-widget elementor-widget-heading\" data-id=\"4957f5ab\" data-element_type=\"widget\" data-e-type=\"widget\" data-widget_type=\"heading.default\">\n\t\t\t\t<div class=\"elementor-widget-container\">\n\t\t\t\t\t<h3 class=\"elementor-heading-title elementor-size-default\">Par\u00e1metro del producto<\/h3>\t\t\t\t<\/div>\n\t\t\t\t<\/div>\n\t\t\t\t<div class=\"elementor-element elementor-element-4d45037e elementor-widget elementor-widget-image\" data-id=\"4d45037e\" data-element_type=\"widget\" data-e-type=\"widget\" data-widget_type=\"image.default\">\n\t\t\t\t<div class=\"elementor-widget-container\">\n\t\t\t\t\t\t\t\t\t\t\t\t\t\t\t<img alt=\"\" loading=\"lazy\" decoding=\"async\" width=\"1021\" height=\"402\" src=\"https:\/\/mattressmachineryzl.com\/wp-content\/uploads\/2025\/04\/sewing-machine-detail.png\" class=\"attachment-large size-large wp-image-2270\" srcset=\"https:\/\/mattressmachineryzl.com\/wp-content\/uploads\/2025\/04\/sewing-machine-detail.png 1021w, https:\/\/mattressmachineryzl.com\/wp-content\/uploads\/2025\/04\/sewing-machine-detail-300x118.png 300w, https:\/\/mattressmachineryzl.com\/wp-content\/uploads\/2025\/04\/sewing-machine-detail-768x302.png 768w\" sizes=\"(max-width: 1021px) 100vw, 1021px\" \/>\t\t\t\t\t\t\t\t\t\t\t\t\t\t\t<\/div>\n\t\t\t\t<\/div>\n\t\t\t\t<div class=\"elementor-element elementor-element-4da3e180 elementor-widget elementor-widget-heading\" data-id=\"4da3e180\" data-element_type=\"widget\" data-e-type=\"widget\" data-widget_type=\"heading.default\">\n\t\t\t\t<div class=\"elementor-widget-container\">\n\t\t\t\t\t<h3 class=\"elementor-heading-title elementor-size-default\">  Caracter\u00edstica del producto<\/h3>\t\t\t\t<\/div>\n\t\t\t\t<\/div>\n\t\t\t\t<div class=\"elementor-element elementor-element-4509c15d elementor-widget elementor-widget-text-editor\" data-id=\"4509c15d\" data-element_type=\"widget\" data-e-type=\"widget\" data-widget_type=\"text-editor.default\">\n\t\t\t\t<div class=\"elementor-widget-container\">\n\t\t\t\t\t\t\t\t\t<p>1. Automatic mattress flipping function reduces labor costs;<br>\n2. Dual-side flipping design effectively protects mattresses;<br>\n3. Automatic cornering function enables easier operation;<br>\n4. Integraci\u00f3n de l\u00edneas de producci\u00f3n para garantizar una producci\u00f3n eficiente de productos estandarizados.<br>\n5. Controles en pantalla t\u00e1ctil para ajustar el \u00e1ngulo de inclinaci\u00f3n de la cabeza y el mecanismo de elevaci\u00f3n.<br>\n\u2022 6. Equipped with automatic auxiliary push rods to prevent deviation;<br>\n7. Auto-alignment functionality;<br>\u2022 6. Cuando el colch\u00f3n gira, la cabeza de la m\u00e1quina de coser se elevar\u00e1 autom\u00e1ticamente.<\/p>\t\t\t\t\t\t\t\t<\/div>\n\t\t\t\t<\/div>\n\t\t\t\t\t<\/div>\n\t\t\t\t<\/div>\n\t\t\t\t<\/div>","protected":false},"excerpt":{"rendered":"<p>Primarily used for mattress edge binding. Automatic mattress flipping function reduces labor costs<\/p>","protected":false},"author":1,"featured_media":0,"parent":0,"menu_order":0,"comment_status":"closed","ping_status":"closed","template":"","meta":{"_acf_changed":false,"_seopress_robots_primary_cat":"","_seopress_titles_title":"ZL-TE-5B\u200b Automatic Tape Edge Machine\u200b","_seopress_titles_desc":"Primarily used for mattress edge binding. Automatic mattress flipping function reduces labor costs. Mattress sewing Machine Wholesale Foshan Factory.","_seopress_robots_index":"","_zeroy_edited":false,"_zeroy_last_edited":"","footnotes":""},"class_list":["post-2267","page","type-page","status-publish","hentry"],"acf":[],"_links":{"self":[{"href":"https:\/\/mattressmachineryzl.com\/es\/wp-json\/wp\/v2\/pages\/2267","targetHints":{"allow":["GET"]}}],"collection":[{"href":"https:\/\/mattressmachineryzl.com\/es\/wp-json\/wp\/v2\/pages"}],"about":[{"href":"https:\/\/mattressmachineryzl.com\/es\/wp-json\/wp\/v2\/types\/page"}],"author":[{"embeddable":true,"href":"https:\/\/mattressmachineryzl.com\/es\/wp-json\/wp\/v2\/users\/1"}],"replies":[{"embeddable":true,"href":"https:\/\/mattressmachineryzl.com\/es\/wp-json\/wp\/v2\/comments?post=2267"}],"version-history":[{"count":10,"href":"https:\/\/mattressmachineryzl.com\/es\/wp-json\/wp\/v2\/pages\/2267\/revisions"}],"predecessor-version":[{"id":3462,"href":"https:\/\/mattressmachineryzl.com\/es\/wp-json\/wp\/v2\/pages\/2267\/revisions\/3462"}],"wp:attachment":[{"href":"https:\/\/mattressmachineryzl.com\/es\/wp-json\/wp\/v2\/media?parent=2267"}],"curies":[{"name":"wp","href":"https:\/\/api.w.org\/{rel}","templated":true}]}}