{"id":2284,"date":"2025-04-03T04:36:34","date_gmt":"2025-04-03T04:36:34","guid":{"rendered":"https:\/\/mattressmachineryzl.com\/?page_id=2284"},"modified":"2025-06-12T02:02:14","modified_gmt":"2025-06-12T02:02:14","slug":"mini2-pocket-spring-machine","status":"publish","type":"page","link":"https:\/\/mattressmachineryzl.com\/fr\/mini2-pocket-spring-machine\/","title":{"rendered":"Mini2 Machine \u00e0 ressorts ensach\u00e9s\u200b"},"content":{"rendered":"<div data-elementor-type=\"wp-page\" data-elementor-id=\"2284\" class=\"elementor elementor-2284\" data-elementor-post-type=\"page\">\n\t\t\t\t<div class=\"elementor-element elementor-element-334fd840 e-flex e-con-boxed e-con e-parent\" data-id=\"334fd840\" data-element_type=\"container\">\n\t\t\t\t\t<div class=\"e-con-inner\">\n\t\t\t\t<div class=\"elementor-element elementor-element-8498d52 elementor-widget elementor-widget-heading\" data-id=\"8498d52\" data-element_type=\"widget\" data-widget_type=\"heading.default\">\n\t\t\t\t<div class=\"elementor-widget-container\">\n\t\t\t\t\t<h3 class=\"elementor-heading-title elementor-size-default\">Mini2 Pocket Spring Machine<\/h3>\t\t\t\t<\/div>\n\t\t\t\t<\/div>\n\t\t\t\t<div class=\"elementor-element elementor-element-54a8e0ae elementor-widget elementor-widget-image\" data-id=\"54a8e0ae\" data-element_type=\"widget\" data-widget_type=\"image.default\">\n\t\t\t\t<div class=\"elementor-widget-container\">\n\t\t\t\t\t\t\t\t\t\t\t\t\t\t\t<img alt=\"\" fetchpriority=\"high\" decoding=\"async\" width=\"808\" height=\"560\" src=\"https:\/\/mattressmachineryzl.com\/wp-content\/uploads\/2025\/04\/MINI-mattress-spring-machine.png\" class=\"attachment-large size-large wp-image-2294\" srcset=\"https:\/\/mattressmachineryzl.com\/wp-content\/uploads\/2025\/04\/MINI-mattress-spring-machine.png 808w, https:\/\/mattressmachineryzl.com\/wp-content\/uploads\/2025\/04\/MINI-mattress-spring-machine-300x208.png 300w, https:\/\/mattressmachineryzl.com\/wp-content\/uploads\/2025\/04\/MINI-mattress-spring-machine-768x532.png 768w\" sizes=\"(max-width: 808px) 100vw, 808px\" \/>\t\t\t\t\t\t\t\t\t\t\t\t\t\t\t<\/div>\n\t\t\t\t<\/div>\n\t\t\t\t\t<\/div>\n\t\t\t\t<\/div>\n\t\t<div class=\"elementor-element elementor-element-5715368c e-flex e-con-boxed e-con e-parent\" data-id=\"5715368c\" data-element_type=\"container\">\n\t\t\t\t\t<div class=\"e-con-inner\">\n\t\t\t\t<div class=\"elementor-element elementor-element-3bd1e07f elementor-widget elementor-widget-image\" data-id=\"3bd1e07f\" data-element_type=\"widget\" data-widget_type=\"image.default\">\n\t\t\t\t<div class=\"elementor-widget-container\">\n\t\t\t\t\t\t\t\t\t\t\t\t\t\t\t<img alt=\"\" decoding=\"async\" width=\"644\" height=\"453\" src=\"https:\/\/mattressmachineryzl.com\/wp-content\/uploads\/2025\/04\/mini-mattress-pokcet-spring-machine-2.png\" class=\"attachment-large size-large wp-image-2286\" srcset=\"https:\/\/mattressmachineryzl.com\/wp-content\/uploads\/2025\/04\/mini-mattress-pokcet-spring-machine-2.png 644w, https:\/\/mattressmachineryzl.com\/wp-content\/uploads\/2025\/04\/mini-mattress-pokcet-spring-machine-2-300x211.png 300w\" sizes=\"(max-width: 644px) 100vw, 644px\" \/>\t\t\t\t\t\t\t\t\t\t\t\t\t\t\t<\/div>\n\t\t\t\t<\/div>\n\t\t\t\t<div class=\"elementor-element elementor-element-4c11c452 elementor-widget elementor-widget-heading\" data-id=\"4c11c452\" data-element_type=\"widget\" data-widget_type=\"heading.default\">\n\t\t\t\t<div class=\"elementor-widget-container\">\n\t\t\t\t\t<h4 class=\"elementor-heading-title elementor-size-default\">Specification of bubble spring cushion<\/h4>\t\t\t\t<\/div>\n\t\t\t\t<\/div>\n\t\t\t\t<div class=\"elementor-element elementor-element-30dec29d elementor-widget elementor-widget-text-editor\" data-id=\"30dec29d\" data-element_type=\"widget\" data-widget_type=\"text-editor.default\">\n\t\t\t\t<div class=\"elementor-widget-container\">\n\t\t\t\t\t\t\t\t\t<ol><li>Bubble spring diameter 28-50mm<\/li><li><span style=\"background-color: transparent;\">Height 25-40mm<\/span><\/li><li>High carbon steel wire diameter 1.0-1.8mm.<\/li><\/ol>\t\t\t\t\t\t\t\t<\/div>\n\t\t\t\t<\/div>\n\t\t\t\t<div class=\"elementor-element elementor-element-5296acaa elementor-widget elementor-widget-heading\" data-id=\"5296acaa\" data-element_type=\"widget\" data-widget_type=\"heading.default\">\n\t\t\t\t<div class=\"elementor-widget-container\">\n\t\t\t\t\t<h3 class=\"elementor-heading-title elementor-size-default\">Detail<\/h3>\t\t\t\t<\/div>\n\t\t\t\t<\/div>\n\t\t\t\t\t<\/div>\n\t\t\t\t<\/div>\n\t\t<div class=\"elementor-element elementor-element-78df826d e-grid e-con-boxed e-con e-parent\" data-id=\"78df826d\" data-element_type=\"container\">\n\t\t\t\t\t<div class=\"e-con-inner\">\n\t\t\t\t<div class=\"elementor-element elementor-element-daeae25 elementor-widget elementor-widget-image\" data-id=\"daeae25\" data-element_type=\"widget\" data-widget_type=\"image.default\">\n\t\t\t\t<div class=\"elementor-widget-container\">\n\t\t\t\t\t\t\t\t\t\t\t\t\t\t\t<img alt=\"\" decoding=\"async\" width=\"1024\" height=\"768\" src=\"https:\/\/mattressmachineryzl.com\/wp-content\/uploads\/2025\/04\/pocket-spring-machine-detail-2-1024x768.jpg\" class=\"attachment-large size-large wp-image-2287\" srcset=\"https:\/\/mattressmachineryzl.com\/wp-content\/uploads\/2025\/04\/pocket-spring-machine-detail-2-1024x768.jpg 1024w, https:\/\/mattressmachineryzl.com\/wp-content\/uploads\/2025\/04\/pocket-spring-machine-detail-2-300x225.jpg 300w, https:\/\/mattressmachineryzl.com\/wp-content\/uploads\/2025\/04\/pocket-spring-machine-detail-2-768x576.jpg 768w, https:\/\/mattressmachineryzl.com\/wp-content\/uploads\/2025\/04\/pocket-spring-machine-detail-2-1536x1152.jpg 1536w, https:\/\/mattressmachineryzl.com\/wp-content\/uploads\/2025\/04\/pocket-spring-machine-detail-2-2048x1536.jpg 2048w\" sizes=\"(max-width: 1024px) 100vw, 1024px\" \/>\t\t\t\t\t\t\t\t\t\t\t\t\t\t\t<\/div>\n\t\t\t\t<\/div>\n\t\t\t\t<div class=\"elementor-element elementor-element-1f1921d5 elementor-widget elementor-widget-image\" data-id=\"1f1921d5\" data-element_type=\"widget\" data-widget_type=\"image.default\">\n\t\t\t\t<div class=\"elementor-widget-container\">\n\t\t\t\t\t\t\t\t\t\t\t\t\t\t\t<img alt=\"\" loading=\"lazy\" decoding=\"async\" width=\"1024\" height=\"768\" src=\"https:\/\/mattressmachineryzl.com\/wp-content\/uploads\/2025\/04\/mini-pocket-spring-machine-detail-2-1024x768.jpg\" class=\"attachment-large size-large wp-image-2289\" srcset=\"https:\/\/mattressmachineryzl.com\/wp-content\/uploads\/2025\/04\/mini-pocket-spring-machine-detail-2-1024x768.jpg 1024w, https:\/\/mattressmachineryzl.com\/wp-content\/uploads\/2025\/04\/mini-pocket-spring-machine-detail-2-300x225.jpg 300w, https:\/\/mattressmachineryzl.com\/wp-content\/uploads\/2025\/04\/mini-pocket-spring-machine-detail-2-768x576.jpg 768w, https:\/\/mattressmachineryzl.com\/wp-content\/uploads\/2025\/04\/mini-pocket-spring-machine-detail-2-1536x1152.jpg 1536w, https:\/\/mattressmachineryzl.com\/wp-content\/uploads\/2025\/04\/mini-pocket-spring-machine-detail-2-2048x1536.jpg 2048w\" sizes=\"(max-width: 1024px) 100vw, 1024px\" \/>\t\t\t\t\t\t\t\t\t\t\t\t\t\t\t<\/div>\n\t\t\t\t<\/div>\n\t\t\t\t<div class=\"elementor-element elementor-element-3f632b9c elementor-widget elementor-widget-image\" data-id=\"3f632b9c\" data-element_type=\"widget\" data-widget_type=\"image.default\">\n\t\t\t\t<div class=\"elementor-widget-container\">\n\t\t\t\t\t\t\t\t\t\t\t\t\t\t\t<img alt=\"\" loading=\"lazy\" decoding=\"async\" width=\"1024\" height=\"768\" src=\"https:\/\/mattressmachineryzl.com\/wp-content\/uploads\/2025\/04\/mini-pocket-spring-machine-detail-3-1024x768.jpg\" class=\"attachment-large size-large wp-image-2290\" srcset=\"https:\/\/mattressmachineryzl.com\/wp-content\/uploads\/2025\/04\/mini-pocket-spring-machine-detail-3-1024x768.jpg 1024w, https:\/\/mattressmachineryzl.com\/wp-content\/uploads\/2025\/04\/mini-pocket-spring-machine-detail-3-300x225.jpg 300w, https:\/\/mattressmachineryzl.com\/wp-content\/uploads\/2025\/04\/mini-pocket-spring-machine-detail-3-768x576.jpg 768w, https:\/\/mattressmachineryzl.com\/wp-content\/uploads\/2025\/04\/mini-pocket-spring-machine-detail-3-1536x1152.jpg 1536w, https:\/\/mattressmachineryzl.com\/wp-content\/uploads\/2025\/04\/mini-pocket-spring-machine-detail-3-2048x1536.jpg 2048w\" sizes=\"(max-width: 1024px) 100vw, 1024px\" \/>\t\t\t\t\t\t\t\t\t\t\t\t\t\t\t<\/div>\n\t\t\t\t<\/div>\n\t\t\t\t<div class=\"elementor-element elementor-element-4b53fa0b elementor-widget elementor-widget-image\" data-id=\"4b53fa0b\" data-element_type=\"widget\" data-widget_type=\"image.default\">\n\t\t\t\t<div class=\"elementor-widget-container\">\n\t\t\t\t\t\t\t\t\t\t\t\t\t\t\t<img alt=\"\" loading=\"lazy\" decoding=\"async\" width=\"284\" height=\"195\" src=\"https:\/\/mattressmachineryzl.com\/wp-content\/uploads\/2025\/04\/mini-pocket-spring-.png\" class=\"attachment-large size-large wp-image-2292\" \/>\t\t\t\t\t\t\t\t\t\t\t\t\t\t\t<\/div>\n\t\t\t\t<\/div>\n\t\t\t\t\t<\/div>\n\t\t\t\t<\/div>\n\t\t<div class=\"elementor-element elementor-element-1eee4427 e-flex e-con-boxed e-con e-parent\" data-id=\"1eee4427\" data-element_type=\"container\">\n\t\t\t\t\t<div class=\"e-con-inner\">\n\t\t\t\t<div class=\"elementor-element elementor-element-2c73a64b elementor-widget elementor-widget-heading\" data-id=\"2c73a64b\" data-element_type=\"widget\" data-widget_type=\"heading.default\">\n\t\t\t\t<div class=\"elementor-widget-container\">\n\t\t\t\t\t<h3 class=\"elementor-heading-title elementor-size-default\">Product Parameter<\/h3>\t\t\t\t<\/div>\n\t\t\t\t<\/div>\n\t\t\t\t<div class=\"elementor-element elementor-element-39919423 elementor-widget elementor-widget-image\" data-id=\"39919423\" data-element_type=\"widget\" data-widget_type=\"image.default\">\n\t\t\t\t<div class=\"elementor-widget-container\">\n\t\t\t\t\t\t\t\t\t\t\t\t\t\t\t<img decoding=\"async\" src=\"https:\/\/mattressmachineryzl.com\/wp-content\/uploads\/2025\/04\/mini-pocket-spring-machine-detail-5.png\" title=\"mini pocket spring machine detail 5\" alt=\"mini pocket spring machine detail 5\" loading=\"lazy\" \/>\t\t\t\t\t\t\t\t\t\t\t\t\t\t\t<\/div>\n\t\t\t\t<\/div>\n\t\t\t\t<div class=\"elementor-element elementor-element-6cf22143 elementor-widget elementor-widget-heading\" data-id=\"6cf22143\" data-element_type=\"widget\" data-widget_type=\"heading.default\">\n\t\t\t\t<div class=\"elementor-widget-container\">\n\t\t\t\t\t<h3 class=\"elementor-heading-title elementor-size-default\">  Product Characteristic<\/h3>\t\t\t\t<\/div>\n\t\t\t\t<\/div>\n\t\t\t\t<div class=\"elementor-element elementor-element-58b9cb6a elementor-widget elementor-widget-text-editor\" data-id=\"58b9cb6a\" data-element_type=\"widget\" data-widget_type=\"text-editor.default\">\n\t\t\t\t<div class=\"elementor-widget-container\">\n\t\t\t\t\t\t\t\t\t<p>Le coussin \u00e0 ressorts \u00e0 bulles est uniquement fabriqu\u00e9 en tissu non tiss\u00e9 haute r\u00e9sistance de DuPont et en fil d'acier au carbone \u00e9lev\u00e9 par soudage ultrasonique, sans liant, \u00e9cologique, sain, frais et respirant ; plus de soutien, \u00e9pouse le corps, haute r\u00e9silience et confort ; robuste et durable, test de charge de 30 000 fois, jamais de d\u00e9formation ou d'effondrement.<br><\/p>\n<p>2.Used for <u>mattresses, pillows, sofas,car seats, office chairs, etc<\/u>., without toxic chemicals Composition, not easy to decompose broken, not easy to hygroscopic mildew breeding bacteria, health and environmental protection.<br><\/p>\t\t\t\t\t\t\t\t<\/div>\n\t\t\t\t<\/div>\n\t\t\t\t\t<\/div>\n\t\t\t\t<\/div>\n\t\t\t\t<\/div>","protected":false},"excerpt":{"rendered":"<p>Le coussin \u00e0 ressorts \u00e0 bulles est uniquement fabriqu\u00e9 en tissu non tiss\u00e9 haute r\u00e9sistance de DuPont et en fil d'acier au carbone \u00e9lev\u00e9 par soudage ultrasonique, sans liant, \u00e9cologique, sain, frais et respirant ; plus de soutien, \u00e9pouse le corps, haute r\u00e9silience et confort ; robuste et durable, test de charge de 30 000 fois, jamais de d\u00e9formation ou d'effondrement.<\/p>","protected":false},"author":1,"featured_media":0,"parent":0,"menu_order":0,"comment_status":"closed","ping_status":"closed","template":"","meta":{"_acf_changed":false,"_seopress_robots_primary_cat":"","_seopress_titles_title":"mattresses pillows sofas car seats office chairs Mini2 Pocket Spring Machine\u200b","_seopress_titles_desc":"The bubble spring pad is only made of dupont high strength non-woven cloth and high carbon steel wire through ultrasonic Welding,no binder, environmental protection, health, fresh and breathable; More support, fit the body,High resilience and comfort; Strong and durable,30 thousand times load-bearing pressure test,never deformation Collapse.","_seopress_robots_index":"","_zeroy_edited":false,"_zeroy_last_edited":"","footnotes":""},"class_list":["post-2284","page","type-page","status-publish","hentry"],"acf":[],"_links":{"self":[{"href":"https:\/\/mattressmachineryzl.com\/fr\/wp-json\/wp\/v2\/pages\/2284","targetHints":{"allow":["GET"]}}],"collection":[{"href":"https:\/\/mattressmachineryzl.com\/fr\/wp-json\/wp\/v2\/pages"}],"about":[{"href":"https:\/\/mattressmachineryzl.com\/fr\/wp-json\/wp\/v2\/types\/page"}],"author":[{"embeddable":true,"href":"https:\/\/mattressmachineryzl.com\/fr\/wp-json\/wp\/v2\/users\/1"}],"replies":[{"embeddable":true,"href":"https:\/\/mattressmachineryzl.com\/fr\/wp-json\/wp\/v2\/comments?post=2284"}],"version-history":[{"count":17,"href":"https:\/\/mattressmachineryzl.com\/fr\/wp-json\/wp\/v2\/pages\/2284\/revisions"}],"predecessor-version":[{"id":2754,"href":"https:\/\/mattressmachineryzl.com\/fr\/wp-json\/wp\/v2\/pages\/2284\/revisions\/2754"}],"wp:attachment":[{"href":"https:\/\/mattressmachineryzl.com\/fr\/wp-json\/wp\/v2\/media?parent=2284"}],"curies":[{"name":"wp","href":"https:\/\/api.w.org\/{rel}","templated":true}]}}