{"id":3455,"date":"2025-07-27T07:05:25","date_gmt":"2025-07-27T07:05:25","guid":{"rendered":"https:\/\/mattressmachineryzl.com\/?page_id=3455"},"modified":"2025-07-27T07:09:36","modified_gmt":"2025-07-27T07:09:36","slug":"machine-a-ressorts-a-poche-mini","status":"publish","type":"page","link":"https:\/\/mattressmachineryzl.com\/fr\/machine-a-ressorts-a-poche-mini\/","title":{"rendered":"Mini Pocket Spring Machine\u200b"},"content":{"rendered":"<div data-elementor-type=\"wp-page\" data-elementor-id=\"3455\" class=\"elementor elementor-3455\" data-elementor-post-type=\"page\">\n\t\t\t\t<div class=\"elementor-element elementor-element-a59840e e-flex e-con-boxed e-con e-parent\" data-id=\"a59840e\" data-element_type=\"container\" data-e-type=\"container\">\n\t\t\t\t\t<div class=\"e-con-inner\">\n\t\t<div class=\"elementor-element elementor-element-05594f7 e-con-full e-flex e-con e-child\" data-id=\"05594f7\" data-element_type=\"container\" data-e-type=\"container\">\n\t\t\t\t<div class=\"elementor-element elementor-element-22d49b1 elementor-widget elementor-widget-image\" data-id=\"22d49b1\" data-element_type=\"widget\" data-e-type=\"widget\" data-widget_type=\"image.default\">\n\t\t\t\t<div class=\"elementor-widget-container\">\n\t\t\t\t\t\t\t\t\t\t\t\t\t\t\t<img alt=\"\" fetchpriority=\"high\" decoding=\"async\" width=\"773\" height=\"541\" src=\"https:\/\/mattressmachineryzl.com\/wp-content\/uploads\/2025\/06\/Mini-Pocket-Spring-Machine.png\" class=\"attachment-full size-full wp-image-2793\" srcset=\"https:\/\/mattressmachineryzl.com\/wp-content\/uploads\/2025\/06\/Mini-Pocket-Spring-Machine.png 773w, https:\/\/mattressmachineryzl.com\/wp-content\/uploads\/2025\/06\/Mini-Pocket-Spring-Machine-300x210.png 300w, https:\/\/mattressmachineryzl.com\/wp-content\/uploads\/2025\/06\/Mini-Pocket-Spring-Machine-768x538.png 768w\" sizes=\"(max-width: 773px) 100vw, 773px\" \/>\t\t\t\t\t\t\t\t\t\t\t\t\t\t\t<\/div>\n\t\t\t\t<\/div>\n\t\t\t\t<div class=\"elementor-element elementor-element-5f33d3d elementor-widget elementor-widget-image\" data-id=\"5f33d3d\" data-element_type=\"widget\" data-e-type=\"widget\" data-widget_type=\"image.default\">\n\t\t\t\t<div class=\"elementor-widget-container\">\n\t\t\t\t\t\t\t\t\t\t\t\t\t\t\t<img alt=\"\" decoding=\"async\" width=\"1093\" height=\"831\" src=\"https:\/\/mattressmachineryzl.com\/wp-content\/uploads\/2025\/07\/\u5fae\u4fe1\u56fe\u7247_20250727140331.png\" class=\"attachment-large size-large wp-image-3457\" srcset=\"https:\/\/mattressmachineryzl.com\/wp-content\/uploads\/2025\/07\/\u5fae\u4fe1\u56fe\u7247_20250727140331.png 1093w, https:\/\/mattressmachineryzl.com\/wp-content\/uploads\/2025\/07\/\u5fae\u4fe1\u56fe\u7247_20250727140331-768x584.png 768w\" sizes=\"(max-width: 1093px) 100vw, 1093px\" \/>\t\t\t\t\t\t\t\t\t\t\t\t\t\t\t<\/div>\n\t\t\t\t<\/div>\n\t\t\t\t<\/div>\n\t\t<div class=\"elementor-element elementor-element-f7611ca e-con-full e-flex e-con e-child\" data-id=\"f7611ca\" data-element_type=\"container\" data-e-type=\"container\">\n\t\t\t\t<div class=\"elementor-element elementor-element-a7b18f3 elementor-widget elementor-widget-text-editor\" data-id=\"a7b18f3\" data-element_type=\"widget\" data-e-type=\"widget\" data-widget_type=\"text-editor.default\">\n\t\t\t\t<div class=\"elementor-widget-container\">\n\t\t\t\t\t\t\t\t\t<p>Le coussin \u00e0 ressorts \u00e0 bulles est uniquement fabriqu\u00e9 en tissu non tiss\u00e9 haute r\u00e9sistance de DuPont et en fil d'acier au carbone \u00e9lev\u00e9 par soudage ultrasonique, sans liant, \u00e9cologique, sain, frais et respirant ; plus de soutien, \u00e9pouse le corps, haute r\u00e9silience et confort ; robuste et durable, test de charge de 30 000 fois, jamais de d\u00e9formation ou d'effondrement.<\/p><p>Utilis\u00e9 pour matelas, oreillers, canap\u00e9s, si\u00e8ges de voiture, chaises de bureau, etc., sans produits chimiques toxiques, composition, difficile \u00e0 d\u00e9composer ou \u00e0 casser, peu hygroscopique, ne favorise pas la moisissure ou la prolif\u00e9ration de bact\u00e9ries, sain et \u00e9cologique.<\/p>\t\t\t\t\t\t\t\t<\/div>\n\t\t\t\t<\/div>\n\t\t\t\t<\/div>\n\t\t\t\t\t<\/div>\n\t\t\t\t<\/div>\n\t\t\t\t<section class=\"elementor-section elementor-top-section elementor-element elementor-element-fd06b24 elementor-section-boxed elementor-section-height-default elementor-section-height-default\" data-id=\"fd06b24\" data-element_type=\"section\" data-e-type=\"section\" data-settings=\"{&quot;background_background&quot;:&quot;classic&quot;}\">\n\t\t\t\t\t\t<div class=\"elementor-container elementor-column-gap-default\">\n\t\t\t\t\t<div class=\"elementor-column elementor-col-100 elementor-top-column elementor-element elementor-element-eca6075\" data-id=\"eca6075\" data-element_type=\"column\" data-e-type=\"column\">\n\t\t\t<div class=\"elementor-widget-wrap elementor-element-populated\">\n\t\t\t\t\t\t<div class=\"elementor-element elementor-element-f4b22bc elementor-widget elementor-widget-heading\" data-id=\"f4b22bc\" data-element_type=\"widget\" data-e-type=\"widget\" data-widget_type=\"heading.default\">\n\t\t\t\t<div class=\"elementor-widget-container\">\n\t\t\t\t\t<h2 class=\"elementor-heading-title elementor-size-default\">Table des mati\u00e8res pour la machine \u00e0 ressorts de poche mini<\/h2>\t\t\t\t<\/div>\n\t\t\t\t<\/div>\n\t\t\t\t<div class=\"elementor-element elementor-element-724f503 elementor-widget elementor-widget-text-editor\" data-id=\"724f503\" data-element_type=\"widget\" data-e-type=\"widget\" data-widget_type=\"text-editor.default\">\n\t\t\t\t<div class=\"elementor-widget-container\">\n\t\t\t\t\t\t\t\t\t<p>Sp\u00e9cification du coussin \u00e0 ressorts \u00e0 bulles :<br \/>\u00a0Diam\u00e8tre du ressort \u00e0 bulles 28-50mm, hauteur 25-40mm, diam\u00e8tre du fil d'acier au carbone \u00e9lev\u00e9 1,0-1,8mm.<br \/>La taille du coussin \u00e0 ressorts \u00e0 bulles est personnalis\u00e9e selon les exigences sp\u00e9cifiques.<\/p>\t\t\t\t\t\t\t\t<\/div>\n\t\t\t\t<\/div>\n\t\t<div class=\"elementor-element elementor-element-7f611c9 e-flex e-con-boxed e-con e-parent\" data-id=\"7f611c9\" data-element_type=\"container\" data-e-type=\"container\">\n\t\t\t\t\t<div class=\"e-con-inner\">\n\t\t<div class=\"elementor-element elementor-element-eb67dad e-con-full e-flex e-con e-child\" data-id=\"eb67dad\" data-element_type=\"container\" data-e-type=\"container\">\n\t\t<div class=\"elementor-element elementor-element-b0d4068 e-con-full e-flex e-con e-child\" data-id=\"b0d4068\" data-element_type=\"container\" data-e-type=\"container\">\n\t\t<div class=\"elementor-element elementor-element-c3cbd8d e-con-full e-flex e-con e-child\" data-id=\"c3cbd8d\" data-element_type=\"container\" data-e-type=\"container\">\n\t\t\t\t<div class=\"elementor-element elementor-element-3d8ec89 elementor-widget elementor-widget-image\" data-id=\"3d8ec89\" data-element_type=\"widget\" data-e-type=\"widget\" data-widget_type=\"image.default\">\n\t\t\t\t<div class=\"elementor-widget-container\">\n\t\t\t\t\t\t\t\t\t\t\t\t\t\t\t<img alt=\"\" decoding=\"async\" width=\"1024\" height=\"768\" src=\"https:\/\/mattressmachineryzl.com\/wp-content\/uploads\/2025\/04\/mini-pocket-spring-machine-detail-2-1024x768.jpg\" class=\"attachment-large size-large wp-image-2289\" srcset=\"https:\/\/mattressmachineryzl.com\/wp-content\/uploads\/2025\/04\/mini-pocket-spring-machine-detail-2-1024x768.jpg 1024w, https:\/\/mattressmachineryzl.com\/wp-content\/uploads\/2025\/04\/mini-pocket-spring-machine-detail-2-300x225.jpg 300w, https:\/\/mattressmachineryzl.com\/wp-content\/uploads\/2025\/04\/mini-pocket-spring-machine-detail-2-768x576.jpg 768w, https:\/\/mattressmachineryzl.com\/wp-content\/uploads\/2025\/04\/mini-pocket-spring-machine-detail-2-1536x1152.jpg 1536w, https:\/\/mattressmachineryzl.com\/wp-content\/uploads\/2025\/04\/mini-pocket-spring-machine-detail-2-2048x1536.jpg 2048w\" sizes=\"(max-width: 1024px) 100vw, 1024px\" \/>\t\t\t\t\t\t\t\t\t\t\t\t\t\t\t<\/div>\n\t\t\t\t<\/div>\n\t\t\t\t<\/div>\n\t\t<div class=\"elementor-element elementor-element-94885cd e-con-full e-flex e-con e-child\" data-id=\"94885cd\" data-element_type=\"container\" data-e-type=\"container\">\n\t\t\t\t<div class=\"elementor-element elementor-element-ad76ec0 elementor-widget elementor-widget-image\" data-id=\"ad76ec0\" data-element_type=\"widget\" data-e-type=\"widget\" data-widget_type=\"image.default\">\n\t\t\t\t<div class=\"elementor-widget-container\">\n\t\t\t\t\t\t\t\t\t\t\t\t\t\t\t<img alt=\"\" loading=\"lazy\" decoding=\"async\" width=\"1024\" height=\"768\" src=\"https:\/\/mattressmachineryzl.com\/wp-content\/uploads\/2025\/04\/mini-pocket-spring-machine-detail-1-1024x768.jpg\" class=\"attachment-large size-large wp-image-2288\" srcset=\"https:\/\/mattressmachineryzl.com\/wp-content\/uploads\/2025\/04\/mini-pocket-spring-machine-detail-1-1024x768.jpg 1024w, https:\/\/mattressmachineryzl.com\/wp-content\/uploads\/2025\/04\/mini-pocket-spring-machine-detail-1-300x225.jpg 300w, https:\/\/mattressmachineryzl.com\/wp-content\/uploads\/2025\/04\/mini-pocket-spring-machine-detail-1-768x576.jpg 768w, https:\/\/mattressmachineryzl.com\/wp-content\/uploads\/2025\/04\/mini-pocket-spring-machine-detail-1-1536x1152.jpg 1536w, https:\/\/mattressmachineryzl.com\/wp-content\/uploads\/2025\/04\/mini-pocket-spring-machine-detail-1-2048x1536.jpg 2048w\" sizes=\"(max-width: 1024px) 100vw, 1024px\" \/>\t\t\t\t\t\t\t\t\t\t\t\t\t\t\t<\/div>\n\t\t\t\t<\/div>\n\t\t\t\t<\/div>\n\t\t<div class=\"elementor-element elementor-element-78576c8 e-con-full e-flex e-con e-child\" data-id=\"78576c8\" data-element_type=\"container\" data-e-type=\"container\">\n\t\t\t\t<div class=\"elementor-element elementor-element-83c16aa elementor-widget elementor-widget-image\" data-id=\"83c16aa\" data-element_type=\"widget\" data-e-type=\"widget\" data-widget_type=\"image.default\">\n\t\t\t\t<div class=\"elementor-widget-container\">\n\t\t\t\t\t\t\t\t\t\t\t\t\t\t\t<img alt=\"\" loading=\"lazy\" decoding=\"async\" width=\"1024\" height=\"768\" src=\"https:\/\/mattressmachineryzl.com\/wp-content\/uploads\/2025\/04\/mini-pocket-spring-machine-detail-3-1024x768.jpg\" class=\"attachment-large size-large wp-image-2290\" srcset=\"https:\/\/mattressmachineryzl.com\/wp-content\/uploads\/2025\/04\/mini-pocket-spring-machine-detail-3-1024x768.jpg 1024w, https:\/\/mattressmachineryzl.com\/wp-content\/uploads\/2025\/04\/mini-pocket-spring-machine-detail-3-300x225.jpg 300w, https:\/\/mattressmachineryzl.com\/wp-content\/uploads\/2025\/04\/mini-pocket-spring-machine-detail-3-768x576.jpg 768w, https:\/\/mattressmachineryzl.com\/wp-content\/uploads\/2025\/04\/mini-pocket-spring-machine-detail-3-1536x1152.jpg 1536w, https:\/\/mattressmachineryzl.com\/wp-content\/uploads\/2025\/04\/mini-pocket-spring-machine-detail-3-2048x1536.jpg 2048w\" sizes=\"(max-width: 1024px) 100vw, 1024px\" \/>\t\t\t\t\t\t\t\t\t\t\t\t\t\t\t<\/div>\n\t\t\t\t<\/div>\n\t\t\t\t<\/div>\n\t\t<div class=\"elementor-element elementor-element-095ae7e e-con-full e-flex e-con e-child\" data-id=\"095ae7e\" data-element_type=\"container\" data-e-type=\"container\">\n\t\t\t\t<div class=\"elementor-element elementor-element-4e4d498 elementor-widget elementor-widget-image\" data-id=\"4e4d498\" data-element_type=\"widget\" data-e-type=\"widget\" data-widget_type=\"image.default\">\n\t\t\t\t<div class=\"elementor-widget-container\">\n\t\t\t\t\t\t\t\t\t\t\t\t\t\t\t<img alt=\"\" loading=\"lazy\" decoding=\"async\" width=\"284\" height=\"195\" src=\"https:\/\/mattressmachineryzl.com\/wp-content\/uploads\/2025\/04\/mini-pocket-spring-.png\" class=\"attachment-large size-large wp-image-2292\" \/>\t\t\t\t\t\t\t\t\t\t\t\t\t\t\t<\/div>\n\t\t\t\t<\/div>\n\t\t\t\t<\/div>\n\t\t\t\t<\/div>\n\t\t<div class=\"elementor-element elementor-element-bbbf49e e-con-full e-flex e-con e-child\" data-id=\"bbbf49e\" data-element_type=\"container\" data-e-type=\"container\">\n\t\t<div class=\"elementor-element elementor-element-e38dfad e-con-full e-flex e-con e-child\" data-id=\"e38dfad\" data-element_type=\"container\" data-e-type=\"container\">\n\t\t\t\t<div class=\"elementor-element elementor-element-009f3ab elementor-widget elementor-widget-image\" data-id=\"009f3ab\" data-element_type=\"widget\" data-e-type=\"widget\" data-widget_type=\"image.default\">\n\t\t\t\t<div class=\"elementor-widget-container\">\n\t\t\t\t\t\t\t\t\t\t\t\t\t\t\t<img alt=\"\" loading=\"lazy\" decoding=\"async\" width=\"895\" height=\"887\" src=\"https:\/\/mattressmachineryzl.com\/wp-content\/uploads\/2025\/07\/\u5fae\u4fe1\u56fe\u7247_20250727141457.png\" class=\"attachment-large size-large wp-image-3458\" srcset=\"https:\/\/mattressmachineryzl.com\/wp-content\/uploads\/2025\/07\/\u5fae\u4fe1\u56fe\u7247_20250727141457.png 895w, https:\/\/mattressmachineryzl.com\/wp-content\/uploads\/2025\/07\/\u5fae\u4fe1\u56fe\u7247_20250727141457-768x761.png 768w\" sizes=\"(max-width: 895px) 100vw, 895px\" \/>\t\t\t\t\t\t\t\t\t\t\t\t\t\t\t<\/div>\n\t\t\t\t<\/div>\n\t\t\t\t<\/div>\n\t\t<div class=\"elementor-element elementor-element-04592bc e-con-full e-flex e-con e-child\" data-id=\"04592bc\" data-element_type=\"container\" data-e-type=\"container\">\n\t\t\t\t<div class=\"elementor-element elementor-element-4b73ce9 elementor-widget elementor-widget-image\" data-id=\"4b73ce9\" data-element_type=\"widget\" data-e-type=\"widget\" data-widget_type=\"image.default\">\n\t\t\t\t<div class=\"elementor-widget-container\">\n\t\t\t\t\t\t\t\t\t\t\t\t\t\t\t<img alt=\"\" loading=\"lazy\" decoding=\"async\" width=\"1001\" height=\"671\" src=\"https:\/\/mattressmachineryzl.com\/wp-content\/uploads\/2025\/07\/\u5fae\u4fe1\u56fe\u7247_20250727141501.png\" class=\"attachment-large size-large wp-image-3459\" srcset=\"https:\/\/mattressmachineryzl.com\/wp-content\/uploads\/2025\/07\/\u5fae\u4fe1\u56fe\u7247_20250727141501.png 1001w, https:\/\/mattressmachineryzl.com\/wp-content\/uploads\/2025\/07\/\u5fae\u4fe1\u56fe\u7247_20250727141501-768x515.png 768w\" sizes=\"(max-width: 1001px) 100vw, 1001px\" \/>\t\t\t\t\t\t\t\t\t\t\t\t\t\t\t<\/div>\n\t\t\t\t<\/div>\n\t\t\t\t<\/div>\n\t\t<div class=\"elementor-element elementor-element-d679493 e-con-full e-flex e-con e-child\" data-id=\"d679493\" data-element_type=\"container\" data-e-type=\"container\">\n\t\t\t\t<div class=\"elementor-element elementor-element-155ab11 elementor-widget elementor-widget-image\" data-id=\"155ab11\" data-element_type=\"widget\" data-e-type=\"widget\" data-widget_type=\"image.default\">\n\t\t\t\t<div class=\"elementor-widget-container\">\n\t\t\t\t\t\t\t\t\t\t\t\t\t\t\t<img alt=\"\" loading=\"lazy\" decoding=\"async\" width=\"953\" height=\"661\" src=\"https:\/\/mattressmachineryzl.com\/wp-content\/uploads\/2025\/07\/\u5fae\u4fe1\u56fe\u7247_20250727141505.png\" class=\"attachment-large size-large wp-image-3460\" srcset=\"https:\/\/mattressmachineryzl.com\/wp-content\/uploads\/2025\/07\/\u5fae\u4fe1\u56fe\u7247_20250727141505.png 953w, https:\/\/mattressmachineryzl.com\/wp-content\/uploads\/2025\/07\/\u5fae\u4fe1\u56fe\u7247_20250727141505-768x533.png 768w\" sizes=\"(max-width: 953px) 100vw, 953px\" \/>\t\t\t\t\t\t\t\t\t\t\t\t\t\t\t<\/div>\n\t\t\t\t<\/div>\n\t\t\t\t<\/div>\n\t\t<div class=\"elementor-element elementor-element-2e6d11d e-con-full e-flex e-con e-child\" data-id=\"2e6d11d\" data-element_type=\"container\" data-e-type=\"container\">\n\t\t\t\t<div class=\"elementor-element elementor-element-f468799 elementor-widget elementor-widget-image\" data-id=\"f468799\" data-element_type=\"widget\" data-e-type=\"widget\" data-widget_type=\"image.default\">\n\t\t\t\t<div class=\"elementor-widget-container\">\n\t\t\t\t\t\t\t\t\t\t\t\t\t\t\t<img alt=\"\" loading=\"lazy\" decoding=\"async\" width=\"979\" height=\"631\" src=\"https:\/\/mattressmachineryzl.com\/wp-content\/uploads\/2025\/07\/\u5fae\u4fe1\u56fe\u7247_20250727141508.png\" class=\"attachment-large size-large wp-image-3461\" srcset=\"https:\/\/mattressmachineryzl.com\/wp-content\/uploads\/2025\/07\/\u5fae\u4fe1\u56fe\u7247_20250727141508.png 979w, https:\/\/mattressmachineryzl.com\/wp-content\/uploads\/2025\/07\/\u5fae\u4fe1\u56fe\u7247_20250727141508-768x495.png 768w\" sizes=\"(max-width: 979px) 100vw, 979px\" \/>\t\t\t\t\t\t\t\t\t\t\t\t\t\t\t<\/div>\n\t\t\t\t<\/div>\n\t\t\t\t<\/div>\n\t\t\t\t<\/div>\n\t\t\t\t<\/div>\n\t\t\t\t\t<\/div>\n\t\t\t\t<\/div>\n\t\t\t\t\t<\/div>\n\t\t<\/div>\n\t\t\t\t\t<\/div>\n\t\t<\/section>\n\t\t<div class=\"elementor-element elementor-element-d34104a e-flex e-con-boxed e-con e-parent\" data-id=\"d34104a\" data-element_type=\"container\" data-e-type=\"container\">\n\t\t\t\t\t<div class=\"e-con-inner\">\n\t\t\t\t<div class=\"elementor-element elementor-element-d80be39 elementor-widget elementor-widget-heading\" data-id=\"d80be39\" data-element_type=\"widget\" data-e-type=\"widget\" data-widget_type=\"heading.default\">\n\t\t\t\t<div class=\"elementor-widget-container\">\n\t\t\t\t\t<h2 class=\"elementor-heading-title elementor-size-default\">Application de la machine \u00e0 ressorts de poche mini<\/h2>\t\t\t\t<\/div>\n\t\t\t\t<\/div>\n\t\t\t\t\t<\/div>\n\t\t\t\t<\/div>\n\t\t<div class=\"elementor-element elementor-element-a861639 e-flex e-con-boxed e-con e-parent\" data-id=\"a861639\" data-element_type=\"container\" data-e-type=\"container\">\n\t\t\t\t\t<div class=\"e-con-inner\">\n\t\t\t\t<div class=\"elementor-element elementor-element-c8ff34d gallery-spacing-custom elementor-widget elementor-widget-image-gallery\" data-id=\"c8ff34d\" data-element_type=\"widget\" data-e-type=\"widget\" data-widget_type=\"image-gallery.default\">\n\t\t\t\t<div class=\"elementor-widget-container\">\n\t\t\t\t\t\t\t<div class=\"elementor-image-gallery\">\n\t\t\t<div id='gallery-1' class='gallery galleryid-3455 gallery-columns-4 gallery-size-full'><figure class='gallery-item'>\n\t\t\t<div class='gallery-icon landscape'>\n\t\t\t\t<a data-elementor-open-lightbox=\"no\" href='https:\/\/mattressmachineryzl.com\/wp-content\/uploads\/2025\/07\/\u5fae\u4fe1\u56fe\u7247_20250727145211-e1753599201621.png'><img loading=\"lazy\" decoding=\"async\" width=\"881\" height=\"650\" src=\"https:\/\/mattressmachineryzl.com\/wp-content\/uploads\/2025\/07\/\u5fae\u4fe1\u56fe\u7247_20250727145211-e1753599201621.png\" class=\"attachment-full size-full\" alt=\"\" srcset=\"https:\/\/mattressmachineryzl.com\/wp-content\/uploads\/2025\/07\/\u5fae\u4fe1\u56fe\u7247_20250727145211-e1753599201621.png 881w, https:\/\/mattressmachineryzl.com\/wp-content\/uploads\/2025\/07\/\u5fae\u4fe1\u56fe\u7247_20250727145211-e1753599201621-768x567.png 768w\" sizes=\"(max-width: 881px) 100vw, 881px\" \/><\/a>\n\t\t\t<\/div><\/figure><figure class='gallery-item'>\n\t\t\t<div class='gallery-icon landscape'>\n\t\t\t\t<a data-elementor-open-lightbox=\"no\" href='https:\/\/mattressmachineryzl.com\/wp-content\/uploads\/2025\/07\/\u5fae\u4fe1\u56fe\u7247_20250727145010.png'><img loading=\"lazy\" decoding=\"async\" width=\"1221\" height=\"747\" src=\"https:\/\/mattressmachineryzl.com\/wp-content\/uploads\/2025\/07\/\u5fae\u4fe1\u56fe\u7247_20250727145010.png\" class=\"attachment-full size-full\" alt=\"\" srcset=\"https:\/\/mattressmachineryzl.com\/wp-content\/uploads\/2025\/07\/\u5fae\u4fe1\u56fe\u7247_20250727145010.png 1221w, https:\/\/mattressmachineryzl.com\/wp-content\/uploads\/2025\/07\/\u5fae\u4fe1\u56fe\u7247_20250727145010-768x470.png 768w\" sizes=\"(max-width: 1221px) 100vw, 1221px\" \/><\/a>\n\t\t\t<\/div><\/figure><figure class='gallery-item'>\n\t\t\t<div class='gallery-icon landscape'>\n\t\t\t\t<a data-elementor-open-lightbox=\"no\" href='https:\/\/mattressmachineryzl.com\/wp-content\/uploads\/2025\/07\/\u5fae\u4fe1\u56fe\u7247_20250727145024.png'><img loading=\"lazy\" decoding=\"async\" width=\"587\" height=\"387\" src=\"https:\/\/mattressmachineryzl.com\/wp-content\/uploads\/2025\/07\/\u5fae\u4fe1\u56fe\u7247_20250727145024.png\" class=\"attachment-full size-full\" alt=\"\" \/><\/a>\n\t\t\t<\/div><\/figure><figure class='gallery-item'>\n\t\t\t<div class='gallery-icon landscape'>\n\t\t\t\t<a data-elementor-open-lightbox=\"no\" href='https:\/\/mattressmachineryzl.com\/wp-content\/uploads\/2025\/07\/\u5fae\u4fe1\u56fe\u7247_20250727145019.png'><img loading=\"lazy\" decoding=\"async\" width=\"559\" height=\"381\" src=\"https:\/\/mattressmachineryzl.com\/wp-content\/uploads\/2025\/07\/\u5fae\u4fe1\u56fe\u7247_20250727145019.png\" class=\"attachment-full size-full\" alt=\"\" \/><\/a>\n\t\t\t<\/div><\/figure>\n\t\t<\/div>\n\t\t<\/div>\n\t\t\t\t\t\t<\/div>\n\t\t\t\t<\/div>\n\t\t\t\t\t<\/div>\n\t\t\t\t<\/div>\n\t\t<div class=\"elementor-element elementor-element-fb3952f e-flex e-con-boxed e-con e-parent\" data-id=\"fb3952f\" data-element_type=\"container\" data-e-type=\"container\">\n\t\t\t\t\t<div class=\"e-con-inner\">\n\t\t\t\t<div class=\"elementor-element elementor-element-f038d63 elementor-widget elementor-widget-html\" data-id=\"f038d63\" data-element_type=\"widget\" data-e-type=\"widget\" data-widget_type=\"html.default\">\n\t\t\t\t<div class=\"elementor-widget-container\">\n\t\t\t\t\t<table border=\"1\" cellpadding=\"8\" cellspacing=\"0\" style=\"border-collapse: collapse; width: 100%;\">\r\n  <thead>\r\n    <tr style=\"background-color: #f2f2f2;\">\r\n      <th colspan=\"2\">Sp\u00e9cifications de la MINI2 Machine \u00e0 ressorts de poche mini<\/th>\r\n    <\/tr>\r\n  <\/thead>\r\n  <tbody>\r\n    <tr>\r\n      <td><strong>Mod\u00e8le de la machine<\/strong><\/td>\r\n      <td>MINI2<\/td>\r\n    <\/tr>\r\n    <tr>\r\n      <td><strong>Efficacit\u00e9 (R\u00e9seau de lit)<\/strong><\/td>\r\n      <td>Environ 6\u20138 r\u00e9seaux\/heure<\/td>\r\n    <\/tr>\r\n    <tr>\r\n      <td><strong>Vitesse du ressort<\/strong><\/td>\r\n      <td>240 pcs\/min<\/td>\r\n    <\/tr>\r\n    <tr>\r\n      <td><strong>Exigence en air<\/strong><\/td>\r\n      <td>0,5m\u00b3\/min, 0,6MPa<\/td>\r\n    <\/tr>\r\n    <tr>\r\n      <td><strong>Exigence en puissance<\/strong><\/td>\r\n      <td>3P 380V 50Hz (personnalisable)<\/td>\r\n    <\/tr>\r\n    <tr>\r\n      <td><strong>Temp\u00e9rature de fonctionnement<\/strong><\/td>\r\n      <td>0\u2103 \u2013 35\u2103<\/td>\r\n    <\/tr>\r\n    <tr>\r\n      <td><strong>Puissance totale<\/strong><\/td>\r\n      <td>25 kW<\/td>\r\n    <\/tr>\r\n    <tr>\r\n      <td><strong>Poids brut<\/strong><\/td>\r\n      <td>Environ 8000 kg<\/td>\r\n    <\/tr>\r\n    <tr>\r\n      <td><strong>Taille de la machine (L\u00d7l\u00d7H)<\/strong><\/td>\r\n      <td>8800 \u00d7 1950 \u00d7 2550 mm<\/td>\r\n    <\/tr>\r\n    <tr>\r\n      <th colspan=\"2\">Sp\u00e9cifications des mat\u00e9riaux<\/th>\r\n    <\/tr>\r\n    <tr>\r\n      <td><strong>\u00c9paisseur non-tiss\u00e9e<\/strong><\/td>\r\n      <td>70\u2013100 g\/m\u00b2<\/td>\r\n    <\/tr>\r\n    <tr>\r\n      <td><strong>Largeur non-tiss\u00e9e<\/strong><\/td>\r\n      <td>\u2264 3200 mm<\/td>\r\n    <\/tr>\r\n    <tr>\r\n      <td><strong>Diam\u00e8tre int\u00e9rieur du rouleau non-tiss\u00e9<\/strong><\/td>\r\n      <td>\u2265 60 mm<\/td>\r\n    <\/tr>\r\n    <tr>\r\n      <td><strong>Diam\u00e8tre ext\u00e9rieur du rouleau non-tiss\u00e9<\/strong><\/td>\r\n      <td>\u2264 500 mm<\/td>\r\n    <\/tr>\r\n    <tr>\r\n      <td><strong>Diam\u00e8tre du fil<\/strong><\/td>\r\n      <td>\u03c61.0\u20131.8 mm (personnalisable)<\/td>\r\n    <\/tr>\r\n    <tr>\r\n      <th colspan=\"2\">Sp\u00e9cifications du ressort<\/th>\r\n    <\/tr>\r\n    <tr>\r\n      <td><strong>Hauteur du ressort<\/strong><\/td>\r\n      <td>25\u201340 mm (personnalisable)<\/td>\r\n    <\/tr>\r\n    <tr>\r\n      <td><strong>Diam\u00e8tre central du printemps au printemps<\/strong><\/td>\r\n      <td>\u03a628\u201350 mm (personnalisable)<\/td>\r\n    <\/tr>\r\n  <\/tbody>\r\n<\/table>\r\n\t\t\t\t<\/div>\n\t\t\t\t<\/div>\n\t\t\t\t\t<\/div>\n\t\t\t\t<\/div>\n\t\t\t\t<section class=\"elementor-section elementor-top-section elementor-element elementor-element-f6be58a custom-ele-section-css elementor-section-boxed elementor-section-height-default elementor-section-height-default\" data-id=\"f6be58a\" data-element_type=\"section\" data-e-type=\"section\" data-settings=\"{&quot;background_background&quot;:&quot;classic&quot;}\">\n\t\t\t\t\t\t<div class=\"elementor-container elementor-column-gap-default\">\n\t\t\t\t\t<div class=\"elementor-column elementor-col-100 elementor-top-column elementor-element elementor-element-90e4fdf\" data-id=\"90e4fdf\" data-element_type=\"column\" data-e-type=\"column\">\n\t\t\t<div class=\"elementor-widget-wrap\">\n\t\t\t\t\t\t\t<\/div>\n\t\t<\/div>\n\t\t\t\t\t<\/div>\n\t\t<\/section>\n\t\t\t\t<section class=\"elementor-section elementor-top-section elementor-element elementor-element-fe2cb9e elementor-section-boxed elementor-section-height-default elementor-section-height-default\" data-id=\"fe2cb9e\" data-element_type=\"section\" data-e-type=\"section\" data-settings=\"{&quot;background_background&quot;:&quot;classic&quot;}\">\n\t\t\t\t\t\t<div class=\"elementor-container elementor-column-gap-default\">\n\t\t\t\t\t<div class=\"elementor-column elementor-col-100 elementor-top-column elementor-element elementor-element-2937d5e\" data-id=\"2937d5e\" data-element_type=\"column\" data-e-type=\"column\">\n\t\t\t<div class=\"elementor-widget-wrap elementor-element-populated\">\n\t\t\t\t\t\t<section class=\"elementor-section elementor-inner-section elementor-element elementor-element-0070b76 elementor-section-boxed elementor-section-height-default elementor-section-height-default\" data-id=\"0070b76\" data-element_type=\"section\" data-e-type=\"section\">\n\t\t\t\t\t\t<div class=\"elementor-container elementor-column-gap-default\">\n\t\t\t\t\t\t<\/div>\n\t\t<\/section>\n\t\t\t\t\t<\/div>\n\t\t<\/div>\n\t\t\t\t\t<\/div>\n\t\t<\/section>\n\t\t\t\t<\/div>","protected":false},"excerpt":{"rendered":"<p>Sp\u00e9cification du coussin \u00e0 ressorts \u00e0 bulles :<br \/>\nDiam\u00e8tre du ressort \u00e0 bulles 28-50mm, hauteur 25-40mm, diam\u00e8tre du fil d'acier au carbone \u00e9lev\u00e9 1,0-1,8mm.<br \/>\nLa taille du coussin \u00e0 ressorts \u00e0 bulles est personnalis\u00e9e selon les exigences sp\u00e9cifiques.<\/p>","protected":false},"author":1,"featured_media":0,"parent":0,"menu_order":0,"comment_status":"closed","ping_status":"closed","template":"","meta":{"_acf_changed":false,"_seopress_robots_primary_cat":"","_seopress_titles_title":"Mini Pocket Spring Machine | High-Speed Bubble Spring Production","_seopress_titles_desc":"Efficiently produce mini pocket springs with our high-speed MINI2 machine. Ideal for mattresses, cushions, sofas. Durable, eco-friendly, customizable.","_seopress_robots_index":"","_zeroy_edited":false,"_zeroy_last_edited":"","footnotes":""},"class_list":["post-3455","page","type-page","status-publish","hentry"],"acf":[],"_links":{"self":[{"href":"https:\/\/mattressmachineryzl.com\/fr\/wp-json\/wp\/v2\/pages\/3455","targetHints":{"allow":["GET"]}}],"collection":[{"href":"https:\/\/mattressmachineryzl.com\/fr\/wp-json\/wp\/v2\/pages"}],"about":[{"href":"https:\/\/mattressmachineryzl.com\/fr\/wp-json\/wp\/v2\/types\/page"}],"author":[{"embeddable":true,"href":"https:\/\/mattressmachineryzl.com\/fr\/wp-json\/wp\/v2\/users\/1"}],"replies":[{"embeddable":true,"href":"https:\/\/mattressmachineryzl.com\/fr\/wp-json\/wp\/v2\/comments?post=3455"}],"version-history":[{"count":20,"href":"https:\/\/mattressmachineryzl.com\/fr\/wp-json\/wp\/v2\/pages\/3455\/revisions"}],"predecessor-version":[{"id":3485,"href":"https:\/\/mattressmachineryzl.com\/fr\/wp-json\/wp\/v2\/pages\/3455\/revisions\/3485"}],"wp:attachment":[{"href":"https:\/\/mattressmachineryzl.com\/fr\/wp-json\/wp\/v2\/media?parent=3455"}],"curies":[{"name":"wp","href":"https:\/\/api.w.org\/{rel}","templated":true}]}}